{"id":186,"date":"2019-01-19T23:12:25","date_gmt":"2019-01-19T23:12:25","guid":{"rendered":"https:\/\/pilt.com.ar\/parque-industrial\/?page_id=186"},"modified":"2026-03-16T14:12:11","modified_gmt":"2026-03-16T17:12:11","slug":"institucional","status":"publish","type":"page","link":"https:\/\/pilt.com.ar\/parque-industrial\/institucional\/","title":{"rendered":"Institucional"},"content":{"rendered":"\t\t<div data-elementor-type=\"wp-post\" data-elementor-id=\"186\" class=\"elementor elementor-186\" data-elementor-post-type=\"page\">\n\t\t\t\t\t\t<section class=\"elementor-section elementor-top-section elementor-element elementor-element-f9ff8ad elementor-section-boxed elementor-section-height-default elementor-section-height-default\" data-id=\"f9ff8ad\" data-element_type=\"section\" data-e-type=\"section\">\n\t\t\t\t\t\t<div class=\"elementor-container elementor-column-gap-default\">\n\t\t\t\t\t<div class=\"elementor-column elementor-col-66 elementor-top-column elementor-element elementor-element-645dd52\" data-id=\"645dd52\" data-element_type=\"column\" data-e-type=\"column\">\n\t\t\t<div class=\"elementor-widget-wrap elementor-element-populated\">\n\t\t\t\t\t\t<div class=\"elementor-element elementor-element-cf8adb8 elementor-widget elementor-widget-heading\" data-id=\"cf8adb8\" data-element_type=\"widget\" data-e-type=\"widget\" data-widget_type=\"heading.default\">\n\t\t\t\t<div class=\"elementor-widget-container\">\n\t\t\t\t\t<h2 class=\"elementor-heading-title elementor-size-default\">INFORMACI\u00d3N INSTITUCIONAL<\/h2>\t\t\t\t<\/div>\n\t\t\t\t<\/div>\n\t\t\t\t<div class=\"elementor-element elementor-element-789b704 elementor-widget elementor-widget-text-editor\" data-id=\"789b704\" data-element_type=\"widget\" data-e-type=\"widget\" data-widget_type=\"text-editor.default\">\n\t\t\t\t<div class=\"elementor-widget-container\">\n\t\t\t\t\t\t\t\t\t<p>Villa Mar\u00eda se encuentra ubicada en el centro geogr\u00e1fico de la rep\u00fablica argentina, punto neur\u00e1lgico del desarrollo econ\u00f3mico ya que la atraviesan las principales v\u00edas de comunicaci\u00f3n del pa\u00eds y Mercosur.<\/p><p>La ciudad cuenta con una zona primaria aduanera pr\u00f3xima al parque industrial, lo que le permite reducir costos y tiempos operativos cubriendo las demandas de las empresas.<\/p><p>Con la concreci\u00f3n del aeropuerto regional se potencia el desarrollo productivo, econ\u00f3mico y de servicios.<\/p><p>El parque industrial se encuentra ubicado sobre ruta nacional 9 entre ruta provincial 2 y autopista C\u00f3rdoba \u2013 Rosario<\/p>\t\t\t\t\t\t\t\t<\/div>\n\t\t\t\t<\/div>\n\t\t\t\t<div class=\"elementor-element elementor-element-5237bb3 elementor-widget-divider--view-line elementor-widget elementor-widget-divider\" data-id=\"5237bb3\" data-element_type=\"widget\" data-e-type=\"widget\" data-widget_type=\"divider.default\">\n\t\t\t\t<div class=\"elementor-widget-container\">\n\t\t\t\t\t\t\t<div class=\"elementor-divider\">\n\t\t\t<span class=\"elementor-divider-separator\">\n\t\t\t\t\t\t<\/span>\n\t\t<\/div>\n\t\t\t\t\t\t<\/div>\n\t\t\t\t<\/div>\n\t\t\t\t<div class=\"elementor-element elementor-element-cfd15f9 elementor-widget elementor-widget-heading\" data-id=\"cfd15f9\" data-element_type=\"widget\" data-e-type=\"widget\" data-widget_type=\"heading.default\">\n\t\t\t\t<div class=\"elementor-widget-container\">\n\t\t\t\t\t<h2 class=\"elementor-heading-title elementor-size-default\">Creacion del Ente\n<\/h2>\t\t\t\t<\/div>\n\t\t\t\t<\/div>\n\t\t\t\t<div class=\"elementor-element elementor-element-32e4bdc elementor-widget elementor-widget-text-editor\" data-id=\"32e4bdc\" data-element_type=\"widget\" data-e-type=\"widget\" data-widget_type=\"text-editor.default\">\n\t\t\t\t<div class=\"elementor-widget-container\">\n\t\t\t\t\t\t\t\t\t<p>El Parque Industrial y Tecnol\u00f3gico de Villa Mar\u00eda SEM, nace a partir de la creaci\u00f3n de una Sociedad de Econom\u00eda Mixta, en la cual el sector p\u00fablico y el sector privado, representado por AERCA, trabajan en conjunto para brindar disponibilidad de infraestructura (Energ\u00eca el\u00e9ctrica en Media y Baja Tensi\u00f3n, GAS Natural, Red Cloacal, Agua Potable, Camaras de Vigilancia, Cerco Perimetral, Red de alumbrado P\u00f9blico, Guardia, sistema de control de acceso, infraestructura de telecomunicaciones, transporte urbano de pasajeros, deposito fiscal aduanero) y servicios comunes que faciliten el desarrollo de un polo industrial.<\/p>\t\t\t\t\t\t\t\t<\/div>\n\t\t\t\t<\/div>\n\t\t\t\t<div class=\"elementor-element elementor-element-20e037c elementor-widget-divider--view-line elementor-widget elementor-widget-divider\" data-id=\"20e037c\" data-element_type=\"widget\" data-e-type=\"widget\" data-widget_type=\"divider.default\">\n\t\t\t\t<div class=\"elementor-widget-container\">\n\t\t\t\t\t\t\t<div class=\"elementor-divider\">\n\t\t\t<span class=\"elementor-divider-separator\">\n\t\t\t\t\t\t<\/span>\n\t\t<\/div>\n\t\t\t\t\t\t<\/div>\n\t\t\t\t<\/div>\n\t\t\t\t<div class=\"elementor-element elementor-element-8b45e1c elementor-widget elementor-widget-heading\" data-id=\"8b45e1c\" data-element_type=\"widget\" data-e-type=\"widget\" data-widget_type=\"heading.default\">\n\t\t\t\t<div class=\"elementor-widget-container\">\n\t\t\t\t\t<h2 class=\"elementor-heading-title elementor-size-default\">Funciones Espec\u00edficas del Ente\n<\/h2>\t\t\t\t<\/div>\n\t\t\t\t<\/div>\n\t\t\t\t<div class=\"elementor-element elementor-element-0440d20 elementor-widget elementor-widget-text-editor\" data-id=\"0440d20\" data-element_type=\"widget\" data-e-type=\"widget\" data-widget_type=\"text-editor.default\">\n\t\t\t\t<div class=\"elementor-widget-container\">\n\t\t\t\t\t\t\t\t\t<p><strong>\u00bb<\/strong>\u00a0La ejecuci\u00f3n de todas las acciones necesarias para la puesta en marcha y funcionamiento del Parque Industrial y Tecnol\u00f3gico Villa Mar\u00eda, incluyendo la realizaci\u00f3n de obras de infraestructura necesarias, de conformidad al estudio de zonificaci\u00f3n y planificaci\u00f3n existente.<br \/><br \/><strong>\u00bb<\/strong>\u00a0El mantenimiento en buen estado de conservaci\u00f3n de la infraestructura edilicia, as\u00ed como su mejoramiento y ampliaci\u00f3n, a trav\u00e9s de la ejecuci\u00f3n de las acciones que resulten necesarias.<br \/><br \/><strong>\u00bb<\/strong>\u00a0La promoci\u00f3n de la radicaci\u00f3n de empresas industriales en el Parque Industrial y Tecnol\u00f3ico Villa mar\u00eda, abarcando la ejecuci\u00f3n de todas las operaciones jur\u00eddicas tendientes al logro de tal fin.<br \/><br \/><strong>\u00bb<\/strong>\u00a0La administraci\u00f3n, explotaci\u00f3n, autorizaciones, controles y sanciones que pudieren corresponder, respecto de las empresas industriales que se radiquen.<br \/><br \/>Desde el Ente se busca, a trav\u00e9s de la creaci\u00f3n del Parque Industrial y Tecnol\u00f3gico, promover el desarrollo local y regional, atraer capitales inversores privados, y fomentar la concentraci\u00f3n y el ordenamiento urbano; para de esta manera, generar fuentes de empleo, propender a una mejor planificaci\u00f3n urbana y desarrollar un \u00e1mbito propicio para la instalaci\u00f3n de nuevas industrias y la re localizaci\u00f3n de las existentes.<\/p>\t\t\t\t\t\t\t\t<\/div>\n\t\t\t\t<\/div>\n\t\t\t\t<div class=\"elementor-element elementor-element-d43ef60 elementor-widget-divider--view-line elementor-widget elementor-widget-divider\" data-id=\"d43ef60\" data-element_type=\"widget\" data-e-type=\"widget\" data-widget_type=\"divider.default\">\n\t\t\t\t<div class=\"elementor-widget-container\">\n\t\t\t\t\t\t\t<div class=\"elementor-divider\">\n\t\t\t<span class=\"elementor-divider-separator\">\n\t\t\t\t\t\t<\/span>\n\t\t<\/div>\n\t\t\t\t\t\t<\/div>\n\t\t\t\t<\/div>\n\t\t\t\t<div class=\"elementor-element elementor-element-b6d1d37 elementor-widget elementor-widget-heading\" data-id=\"b6d1d37\" data-element_type=\"widget\" data-e-type=\"widget\" data-widget_type=\"heading.default\">\n\t\t\t\t<div class=\"elementor-widget-container\">\n\t\t\t\t\t<h2 class=\"elementor-heading-title elementor-size-default\">Autoridades<\/h2>\t\t\t\t<\/div>\n\t\t\t\t<\/div>\n\t\t\t\t<div class=\"elementor-element elementor-element-aebfc8d elementor-widget elementor-widget-text-editor\" data-id=\"aebfc8d\" data-element_type=\"widget\" data-e-type=\"widget\" data-widget_type=\"text-editor.default\">\n\t\t\t\t<div class=\"elementor-widget-container\">\n\t\t\t\t\t\t\t\t\t<table border=\"0\" width=\"500\" cellspacing=\"10\"><tbody><tr><td><strong>Presidente:<\/strong><\/td><td>Ing. Carlos Dante Pizzorno<\/td><\/tr><tr><td><strong>Vicepresidente:<\/strong><\/td><td>Cr. Guillermo Pieckenstainer<\/td><\/tr><tr><td><strong>Gerente<\/strong><\/td><td>Lic. Carlos Montoto Galiano<\/td><\/tr><tr><td valign=\"top\"><strong>Director Sector P\u00fablico<\/strong><\/td><td>Ing. Mart\u00edn Ruiz<\/td><\/tr><tr><td valign=\"top\"><strong>Directores Sector Privado:<\/strong><\/td><td>Sr. Dante Urli<br \/>Sr. Diego Colinas<br \/>Sr. Alexis Genovese<\/td><\/tr><tr><td valign=\"top\"><strong>S\u00edndicos Titulares Sector P\u00fablico<\/strong><\/td><td>Cra. Romina Martinetti<br \/>Abg. Sofia Galvez<\/td><\/tr><tr><td valign=\"top\"><strong>S\u00edndicos Suplente Sector P\u00fablico<\/strong><\/td><td>Abg. Aldana Bel\u00e9n Tagliavini<br \/>Cra. Eliana Magal\u00ed Anino<\/td><\/tr><tr><td><strong>S\u00edndico Titular Sector Privado<\/strong><\/td><td>Abg. Ezequiel Cerezo<\/td><\/tr><tr><td><strong>S\u00edndico Suplente Sector Privado<\/strong><\/td><td>Cr. Alejandro Caruso<\/td><\/tr><\/tbody><\/table>\t\t\t\t\t\t\t\t<\/div>\n\t\t\t\t<\/div>\n\t\t\t\t<div class=\"elementor-element elementor-element-1602b2d elementor-widget-divider--view-line elementor-widget elementor-widget-divider\" data-id=\"1602b2d\" data-element_type=\"widget\" data-e-type=\"widget\" data-widget_type=\"divider.default\">\n\t\t\t\t<div class=\"elementor-widget-container\">\n\t\t\t\t\t\t\t<div class=\"elementor-divider\">\n\t\t\t<span class=\"elementor-divider-separator\">\n\t\t\t\t\t\t<\/span>\n\t\t<\/div>\n\t\t\t\t\t\t<\/div>\n\t\t\t\t<\/div>\n\t\t\t\t<div class=\"elementor-element elementor-element-654d0ed elementor-widget elementor-widget-text-editor\" data-id=\"654d0ed\" data-element_type=\"widget\" data-e-type=\"widget\" data-widget_type=\"text-editor.default\">\n\t\t\t\t<div class=\"elementor-widget-container\">\n\t\t\t\t\t\t\t\t\t<p>A trav\u00e9s de la puesta en marcha del Parque Industrial y Tecnol\u00f3gico se busca promover el desarrollo local y regional, atraer capitales, inversores privados y fomentar el ordenamiento urbano, adem\u00e1s otorgar beneficios a las industrias que se radiquen el predio para su producci\u00f3n, generando nuevas fuentes de empleo.<br \/><br \/><strong>M\u00c1S DESARROLLO E INVERSION, MEJORES OPORTUNIDADES<\/strong><br \/><br \/><strong>Villa Mar\u00eda Avanza<\/strong><\/p>\t\t\t\t\t\t\t\t<\/div>\n\t\t\t\t<\/div>\n\t\t\t\t\t<\/div>\n\t\t<\/div>\n\t\t\t\t<div class=\"elementor-column elementor-col-33 elementor-top-column elementor-element elementor-element-f638fd6\" data-id=\"f638fd6\" data-element_type=\"column\" data-e-type=\"column\">\n\t\t\t<div class=\"elementor-widget-wrap\">\n\t\t\t\t\t\t\t<\/div>\n\t\t<\/div>\n\t\t\t\t\t<\/div>\n\t\t<\/section>\n\t\t\t\t<\/div>\n\t\t","protected":false},"excerpt":{"rendered":"<p>INFORMACI\u00d3N INSTITUCIONAL Villa Mar\u00eda se encuentra ubicada en el centro geogr\u00e1fico de la rep\u00fablica argentina, punto neur\u00e1lgico del desarrollo econ\u00f3mico ya que la atraviesan las principales v\u00edas de comunicaci\u00f3n del pa\u00eds y Mercosur. La ciudad cuenta con una zona primaria aduanera pr\u00f3xima al parque industrial, lo que le permite reducir costos y tiempos operativos cubriendo [&hellip;]<\/p>\n","protected":false},"author":2,"featured_media":0,"parent":0,"menu_order":0,"comment_status":"closed","ping_status":"closed","template":"elementor_header_footer","meta":{"footnotes":""},"class_list":["post-186","page","type-page","status-publish","hentry"],"yoast_head":"<!-- This site is optimized with the Yoast SEO plugin v27.5 - https:\/\/yoast.com\/product\/yoast-seo-wordpress\/ -->\n<title>Institucional - PILT.com.ar<\/title>\n<meta name=\"robots\" content=\"index, follow, max-snippet:-1, max-image-preview:large, max-video-preview:-1\" \/>\n<link rel=\"canonical\" href=\"https:\/\/pilt.com.ar\/parque-industrial\/institucional\/\" \/>\n<meta property=\"og:locale\" content=\"es_ES\" \/>\n<meta property=\"og:type\" content=\"article\" \/>\n<meta property=\"og:title\" content=\"Institucional - PILT.com.ar\" \/>\n<meta property=\"og:description\" content=\"INFORMACI\u00d3N INSTITUCIONAL Villa Mar\u00eda se encuentra ubicada en el centro geogr\u00e1fico de la rep\u00fablica argentina, punto neur\u00e1lgico del desarrollo econ\u00f3mico ya que la atraviesan las principales v\u00edas de comunicaci\u00f3n del pa\u00eds y Mercosur. La ciudad cuenta con una zona primaria aduanera pr\u00f3xima al parque industrial, lo que le permite reducir costos y tiempos operativos cubriendo [&hellip;]\" \/>\n<meta property=\"og:url\" content=\"https:\/\/pilt.com.ar\/parque-industrial\/institucional\/\" \/>\n<meta property=\"og:site_name\" content=\"PILT.com.ar\" \/>\n<meta property=\"article:modified_time\" content=\"2026-03-16T17:12:11+00:00\" \/>\n<meta name=\"twitter:card\" content=\"summary_large_image\" \/>\n<meta name=\"twitter:label1\" content=\"Tiempo de lectura\" \/>\n\t<meta name=\"twitter:data1\" content=\"3 minutos\" \/>\n<script type=\"application\/ld+json\" class=\"yoast-schema-graph\">{\"@context\":\"https:\\\/\\\/schema.org\",\"@graph\":[{\"@type\":\"WebPage\",\"@id\":\"https:\\\/\\\/pilt.com.ar\\\/parque-industrial\\\/institucional\\\/\",\"url\":\"https:\\\/\\\/pilt.com.ar\\\/parque-industrial\\\/institucional\\\/\",\"name\":\"Institucional - PILT.com.ar\",\"isPartOf\":{\"@id\":\"https:\\\/\\\/pilt.com.ar\\\/parque-industrial\\\/#website\"},\"datePublished\":\"2019-01-19T23:12:25+00:00\",\"dateModified\":\"2026-03-16T17:12:11+00:00\",\"inLanguage\":\"es\",\"potentialAction\":[{\"@type\":\"ReadAction\",\"target\":[\"https:\\\/\\\/pilt.com.ar\\\/parque-industrial\\\/institucional\\\/\"]}]},{\"@type\":\"WebSite\",\"@id\":\"https:\\\/\\\/pilt.com.ar\\\/parque-industrial\\\/#website\",\"url\":\"https:\\\/\\\/pilt.com.ar\\\/parque-industrial\\\/\",\"name\":\"PILT.com.ar\",\"description\":\"Parque Industrial, Log\u00edstico y Tecnol\u00f3gico Villa Mar\u00eda\",\"potentialAction\":[{\"@type\":\"SearchAction\",\"target\":{\"@type\":\"EntryPoint\",\"urlTemplate\":\"https:\\\/\\\/pilt.com.ar\\\/parque-industrial\\\/?s={search_term_string}\"},\"query-input\":{\"@type\":\"PropertyValueSpecification\",\"valueRequired\":true,\"valueName\":\"search_term_string\"}}],\"inLanguage\":\"es\"}]}<\/script>\n<!-- \/ Yoast SEO plugin. -->","yoast_head_json":{"title":"Institucional - PILT.com.ar","robots":{"index":"index","follow":"follow","max-snippet":"max-snippet:-1","max-image-preview":"max-image-preview:large","max-video-preview":"max-video-preview:-1"},"canonical":"https:\/\/pilt.com.ar\/parque-industrial\/institucional\/","og_locale":"es_ES","og_type":"article","og_title":"Institucional - PILT.com.ar","og_description":"INFORMACI\u00d3N INSTITUCIONAL Villa Mar\u00eda se encuentra ubicada en el centro geogr\u00e1fico de la rep\u00fablica argentina, punto neur\u00e1lgico del desarrollo econ\u00f3mico ya que la atraviesan las principales v\u00edas de comunicaci\u00f3n del pa\u00eds y Mercosur. La ciudad cuenta con una zona primaria aduanera pr\u00f3xima al parque industrial, lo que le permite reducir costos y tiempos operativos cubriendo [&hellip;]","og_url":"https:\/\/pilt.com.ar\/parque-industrial\/institucional\/","og_site_name":"PILT.com.ar","article_modified_time":"2026-03-16T17:12:11+00:00","twitter_card":"summary_large_image","twitter_misc":{"Tiempo de lectura":"3 minutos"},"schema":{"@context":"https:\/\/schema.org","@graph":[{"@type":"WebPage","@id":"https:\/\/pilt.com.ar\/parque-industrial\/institucional\/","url":"https:\/\/pilt.com.ar\/parque-industrial\/institucional\/","name":"Institucional - PILT.com.ar","isPartOf":{"@id":"https:\/\/pilt.com.ar\/parque-industrial\/#website"},"datePublished":"2019-01-19T23:12:25+00:00","dateModified":"2026-03-16T17:12:11+00:00","inLanguage":"es","potentialAction":[{"@type":"ReadAction","target":["https:\/\/pilt.com.ar\/parque-industrial\/institucional\/"]}]},{"@type":"WebSite","@id":"https:\/\/pilt.com.ar\/parque-industrial\/#website","url":"https:\/\/pilt.com.ar\/parque-industrial\/","name":"PILT.com.ar","description":"Parque Industrial, Log\u00edstico y Tecnol\u00f3gico Villa Mar\u00eda","potentialAction":[{"@type":"SearchAction","target":{"@type":"EntryPoint","urlTemplate":"https:\/\/pilt.com.ar\/parque-industrial\/?s={search_term_string}"},"query-input":{"@type":"PropertyValueSpecification","valueRequired":true,"valueName":"search_term_string"}}],"inLanguage":"es"}]}},"jetpack_sharing_enabled":true,"_links":{"self":[{"href":"https:\/\/pilt.com.ar\/parque-industrial\/wp-json\/wp\/v2\/pages\/186","targetHints":{"allow":["GET"]}}],"collection":[{"href":"https:\/\/pilt.com.ar\/parque-industrial\/wp-json\/wp\/v2\/pages"}],"about":[{"href":"https:\/\/pilt.com.ar\/parque-industrial\/wp-json\/wp\/v2\/types\/page"}],"author":[{"embeddable":true,"href":"https:\/\/pilt.com.ar\/parque-industrial\/wp-json\/wp\/v2\/users\/2"}],"replies":[{"embeddable":true,"href":"https:\/\/pilt.com.ar\/parque-industrial\/wp-json\/wp\/v2\/comments?post=186"}],"version-history":[{"count":18,"href":"https:\/\/pilt.com.ar\/parque-industrial\/wp-json\/wp\/v2\/pages\/186\/revisions"}],"predecessor-version":[{"id":4042,"href":"https:\/\/pilt.com.ar\/parque-industrial\/wp-json\/wp\/v2\/pages\/186\/revisions\/4042"}],"wp:attachment":[{"href":"https:\/\/pilt.com.ar\/parque-industrial\/wp-json\/wp\/v2\/media?parent=186"}],"curies":[{"name":"wp","href":"https:\/\/api.w.org\/{rel}","templated":true}]}}