{"id":182,"date":"2019-01-19T22:33:09","date_gmt":"2019-01-19T22:33:09","guid":{"rendered":"https:\/\/pilt.com.ar\/parque-industrial\/?page_id=182"},"modified":"2019-08-16T23:52:04","modified_gmt":"2019-08-16T23:52:04","slug":"infraestructura","status":"publish","type":"page","link":"https:\/\/pilt.com.ar\/parque-industrial\/infraestructura\/","title":{"rendered":"Infraestructura"},"content":{"rendered":"\t\t<div data-elementor-type=\"wp-post\" data-elementor-id=\"182\" class=\"elementor elementor-182\" data-elementor-post-type=\"page\">\n\t\t\t\t\t\t<section class=\"elementor-section elementor-top-section elementor-element elementor-element-dd3bbf6 elementor-section-boxed elementor-section-height-default elementor-section-height-default\" data-id=\"dd3bbf6\" data-element_type=\"section\" data-e-type=\"section\">\n\t\t\t\t\t\t<div class=\"elementor-container elementor-column-gap-default\">\n\t\t\t\t\t<div class=\"elementor-column elementor-col-66 elementor-top-column elementor-element elementor-element-5f55784\" data-id=\"5f55784\" data-element_type=\"column\" data-e-type=\"column\">\n\t\t\t<div class=\"elementor-widget-wrap elementor-element-populated\">\n\t\t\t\t\t\t<div class=\"elementor-element elementor-element-72c8933 elementor-widget elementor-widget-heading\" data-id=\"72c8933\" data-element_type=\"widget\" data-e-type=\"widget\" data-widget_type=\"heading.default\">\n\t\t\t\t<div class=\"elementor-widget-container\">\n\t\t\t\t\t<h2 class=\"elementor-heading-title elementor-size-default\">INFRAESTRUCTURA<\/h2>\t\t\t\t<\/div>\n\t\t\t\t<\/div>\n\t\t\t\t<div class=\"elementor-element elementor-element-7896cf0 elementor-widget elementor-widget-text-editor\" data-id=\"7896cf0\" data-element_type=\"widget\" data-e-type=\"widget\" data-widget_type=\"text-editor.default\">\n\t\t\t\t<div class=\"elementor-widget-container\">\n\t\t\t\t\t\t\t\t\t<p>El parque Industrial y Tecnol\u00f3gico Villa Maria tiene como fin promover el desarrollo econ\u00f3mico local y regional, generar fuentes de empleo, propender a una mejor planificaci\u00f3n urbana y generar oportunidades para obtener los beneficios de la promoci\u00f3n industrial dentro del marco normativo provincial y municipal.<\/p><p>El predio cuenta con 84 hect\u00e1reas.<\/p>\t\t\t\t\t\t\t\t<\/div>\n\t\t\t\t<\/div>\n\t\t\t\t<div class=\"elementor-element elementor-element-b9b62c2 elementor-widget-divider--view-line elementor-widget elementor-widget-divider\" data-id=\"b9b62c2\" data-element_type=\"widget\" data-e-type=\"widget\" data-widget_type=\"divider.default\">\n\t\t\t\t<div class=\"elementor-widget-container\">\n\t\t\t\t\t\t\t<div class=\"elementor-divider\">\n\t\t\t<span class=\"elementor-divider-separator\">\n\t\t\t\t\t\t<\/span>\n\t\t<\/div>\n\t\t\t\t\t\t<\/div>\n\t\t\t\t<\/div>\n\t\t\t\t<div class=\"elementor-element elementor-element-924590b elementor-widget elementor-widget-text-editor\" data-id=\"924590b\" data-element_type=\"widget\" data-e-type=\"widget\" data-widget_type=\"text-editor.default\">\n\t\t\t\t<div class=\"elementor-widget-container\">\n\t\t\t\t\t\t\t\t\t<h2><strong>Infraestructura Parque Industrial y Tecnol\u00f3gico Villa Mar\u00eda SEM<\/strong><\/h2><p><strong>Infraestructura de Energ\u00eda El\u00e9ctrica<\/strong><br \/>Red de Alumbrado P\u00fablico<br \/>Red de Electrificaci\u00f3n del Predio<br \/>Distribuci\u00f3n en Baja Tensi\u00f3n<br \/>Distribuci\u00f3n en Media Tensi\u00f3n<\/p><p><strong>Infraestructura de Gas<\/strong>\u00a0<br \/>Instalaci\u00f3n Planta Reductora de Presi\u00f3n<br \/>Ramal de Aproximaci\u00f3n y Alimentaci\u00f3n<br \/>Red de Distribuci\u00f3n Interna<\/p><p><strong>Infraestructura de Agua y Cloacas<\/strong>\u00a0<br \/>Red de Agua: distribuci\u00f3n interna<br \/>Red de Cloacas: Distribuci\u00f3n interna y conexiones<br \/>Bombeo e Impulsi\u00f3n<\/p><p><strong>Cord\u00f3n Cuneta y Pavimento<\/strong><\/p><p><strong>Infraestructura de Telecomunicaciones\u00a0<\/strong><br \/>Sistema de Telecomunicaciones<br \/>Sistema de Video Vigilancia<br \/>Tendido de Triducto \u2013 Cruce de Calzadas<\/p><p>Cerco Perimetral<br \/>Casilla de Ingreso<br \/>Forestaci\u00f3n del Predio<br \/>Subdivisi\u00f3n y mojones<br \/>P\u00f3rtico de Ingreso<br \/><strong>Puerto seco con aduana permanente<\/strong><br \/><strong>Centro Log\u00edstico<\/strong><\/p>\t\t\t\t\t\t\t\t<\/div>\n\t\t\t\t<\/div>\n\t\t\t\t\t<\/div>\n\t\t<\/div>\n\t\t\t\t<div class=\"elementor-column elementor-col-33 elementor-top-column elementor-element elementor-element-3723791\" data-id=\"3723791\" data-element_type=\"column\" data-e-type=\"column\">\n\t\t\t<div class=\"elementor-widget-wrap\">\n\t\t\t\t\t\t\t<\/div>\n\t\t<\/div>\n\t\t\t\t\t<\/div>\n\t\t<\/section>\n\t\t\t\t<\/div>\n\t\t","protected":false},"excerpt":{"rendered":"<p>INFRAESTRUCTURA El parque Industrial y Tecnol\u00f3gico Villa Maria tiene como fin promover el desarrollo econ\u00f3mico local y regional, generar fuentes de empleo, propender a una mejor planificaci\u00f3n urbana y generar oportunidades para obtener los beneficios de la promoci\u00f3n industrial dentro del marco normativo provincial y municipal. El predio cuenta con 84 hect\u00e1reas. Infraestructura Parque Industrial [&hellip;]<\/p>\n","protected":false},"author":2,"featured_media":0,"parent":0,"menu_order":0,"comment_status":"closed","ping_status":"closed","template":"elementor_header_footer","meta":{"footnotes":""},"class_list":["post-182","page","type-page","status-publish","hentry"],"yoast_head":"<!-- This site is optimized with the Yoast SEO plugin v27.5 - https:\/\/yoast.com\/product\/yoast-seo-wordpress\/ -->\n<title>Infraestructura - PILT.com.ar<\/title>\n<meta name=\"robots\" content=\"index, follow, max-snippet:-1, max-image-preview:large, max-video-preview:-1\" \/>\n<link rel=\"canonical\" href=\"https:\/\/pilt.com.ar\/parque-industrial\/infraestructura\/\" \/>\n<meta property=\"og:locale\" content=\"es_ES\" \/>\n<meta property=\"og:type\" content=\"article\" \/>\n<meta property=\"og:title\" content=\"Infraestructura - PILT.com.ar\" \/>\n<meta property=\"og:description\" content=\"INFRAESTRUCTURA El parque Industrial y Tecnol\u00f3gico Villa Maria tiene como fin promover el desarrollo econ\u00f3mico local y regional, generar fuentes de empleo, propender a una mejor planificaci\u00f3n urbana y generar oportunidades para obtener los beneficios de la promoci\u00f3n industrial dentro del marco normativo provincial y municipal. El predio cuenta con 84 hect\u00e1reas. Infraestructura Parque Industrial [&hellip;]\" \/>\n<meta property=\"og:url\" content=\"https:\/\/pilt.com.ar\/parque-industrial\/infraestructura\/\" \/>\n<meta property=\"og:site_name\" content=\"PILT.com.ar\" \/>\n<meta property=\"article:modified_time\" content=\"2019-08-16T23:52:04+00:00\" \/>\n<meta name=\"twitter:card\" content=\"summary_large_image\" \/>\n<meta name=\"twitter:label1\" content=\"Tiempo de lectura\" \/>\n\t<meta name=\"twitter:data1\" content=\"1 minuto\" \/>\n<script type=\"application\/ld+json\" class=\"yoast-schema-graph\">{\"@context\":\"https:\\\/\\\/schema.org\",\"@graph\":[{\"@type\":\"WebPage\",\"@id\":\"https:\\\/\\\/pilt.com.ar\\\/parque-industrial\\\/infraestructura\\\/\",\"url\":\"https:\\\/\\\/pilt.com.ar\\\/parque-industrial\\\/infraestructura\\\/\",\"name\":\"Infraestructura - PILT.com.ar\",\"isPartOf\":{\"@id\":\"https:\\\/\\\/pilt.com.ar\\\/parque-industrial\\\/#website\"},\"datePublished\":\"2019-01-19T22:33:09+00:00\",\"dateModified\":\"2019-08-16T23:52:04+00:00\",\"inLanguage\":\"es\",\"potentialAction\":[{\"@type\":\"ReadAction\",\"target\":[\"https:\\\/\\\/pilt.com.ar\\\/parque-industrial\\\/infraestructura\\\/\"]}]},{\"@type\":\"WebSite\",\"@id\":\"https:\\\/\\\/pilt.com.ar\\\/parque-industrial\\\/#website\",\"url\":\"https:\\\/\\\/pilt.com.ar\\\/parque-industrial\\\/\",\"name\":\"PILT.com.ar\",\"description\":\"Parque Industrial, Log\u00edstico y Tecnol\u00f3gico Villa Mar\u00eda\",\"potentialAction\":[{\"@type\":\"SearchAction\",\"target\":{\"@type\":\"EntryPoint\",\"urlTemplate\":\"https:\\\/\\\/pilt.com.ar\\\/parque-industrial\\\/?s={search_term_string}\"},\"query-input\":{\"@type\":\"PropertyValueSpecification\",\"valueRequired\":true,\"valueName\":\"search_term_string\"}}],\"inLanguage\":\"es\"}]}<\/script>\n<!-- \/ Yoast SEO plugin. -->","yoast_head_json":{"title":"Infraestructura - PILT.com.ar","robots":{"index":"index","follow":"follow","max-snippet":"max-snippet:-1","max-image-preview":"max-image-preview:large","max-video-preview":"max-video-preview:-1"},"canonical":"https:\/\/pilt.com.ar\/parque-industrial\/infraestructura\/","og_locale":"es_ES","og_type":"article","og_title":"Infraestructura - PILT.com.ar","og_description":"INFRAESTRUCTURA El parque Industrial y Tecnol\u00f3gico Villa Maria tiene como fin promover el desarrollo econ\u00f3mico local y regional, generar fuentes de empleo, propender a una mejor planificaci\u00f3n urbana y generar oportunidades para obtener los beneficios de la promoci\u00f3n industrial dentro del marco normativo provincial y municipal. El predio cuenta con 84 hect\u00e1reas. Infraestructura Parque Industrial [&hellip;]","og_url":"https:\/\/pilt.com.ar\/parque-industrial\/infraestructura\/","og_site_name":"PILT.com.ar","article_modified_time":"2019-08-16T23:52:04+00:00","twitter_card":"summary_large_image","twitter_misc":{"Tiempo de lectura":"1 minuto"},"schema":{"@context":"https:\/\/schema.org","@graph":[{"@type":"WebPage","@id":"https:\/\/pilt.com.ar\/parque-industrial\/infraestructura\/","url":"https:\/\/pilt.com.ar\/parque-industrial\/infraestructura\/","name":"Infraestructura - PILT.com.ar","isPartOf":{"@id":"https:\/\/pilt.com.ar\/parque-industrial\/#website"},"datePublished":"2019-01-19T22:33:09+00:00","dateModified":"2019-08-16T23:52:04+00:00","inLanguage":"es","potentialAction":[{"@type":"ReadAction","target":["https:\/\/pilt.com.ar\/parque-industrial\/infraestructura\/"]}]},{"@type":"WebSite","@id":"https:\/\/pilt.com.ar\/parque-industrial\/#website","url":"https:\/\/pilt.com.ar\/parque-industrial\/","name":"PILT.com.ar","description":"Parque Industrial, Log\u00edstico y Tecnol\u00f3gico Villa Mar\u00eda","potentialAction":[{"@type":"SearchAction","target":{"@type":"EntryPoint","urlTemplate":"https:\/\/pilt.com.ar\/parque-industrial\/?s={search_term_string}"},"query-input":{"@type":"PropertyValueSpecification","valueRequired":true,"valueName":"search_term_string"}}],"inLanguage":"es"}]}},"jetpack_sharing_enabled":true,"_links":{"self":[{"href":"https:\/\/pilt.com.ar\/parque-industrial\/wp-json\/wp\/v2\/pages\/182","targetHints":{"allow":["GET"]}}],"collection":[{"href":"https:\/\/pilt.com.ar\/parque-industrial\/wp-json\/wp\/v2\/pages"}],"about":[{"href":"https:\/\/pilt.com.ar\/parque-industrial\/wp-json\/wp\/v2\/types\/page"}],"author":[{"embeddable":true,"href":"https:\/\/pilt.com.ar\/parque-industrial\/wp-json\/wp\/v2\/users\/2"}],"replies":[{"embeddable":true,"href":"https:\/\/pilt.com.ar\/parque-industrial\/wp-json\/wp\/v2\/comments?post=182"}],"version-history":[{"count":0,"href":"https:\/\/pilt.com.ar\/parque-industrial\/wp-json\/wp\/v2\/pages\/182\/revisions"}],"wp:attachment":[{"href":"https:\/\/pilt.com.ar\/parque-industrial\/wp-json\/wp\/v2\/media?parent=182"}],"curies":[{"name":"wp","href":"https:\/\/api.w.org\/{rel}","templated":true}]}}